{"id":99,"date":"2023-02-02T15:38:01","date_gmt":"2023-02-02T14:38:01","guid":{"rendered":"https:\/\/www.cnantibes.com\/?page_id=99"},"modified":"2025-03-19T16:29:53","modified_gmt":"2025-03-19T15:29:53","slug":"devenir-officiel","status":"publish","type":"page","link":"https:\/\/www.cnantibes.com\/index.php\/devenir-officiel\/","title":{"rendered":"OFFICIELS"},"content":{"rendered":"\n[et_pb_section fb_built=\u00a0\u00bb1&Prime; fullwidth=\u00a0\u00bbon\u00a0\u00bb _builder_version=\u00a0\u00bb4.20.1&Prime; _module_preset=\u00a0\u00bbdefault\u00a0\u00bb background_image=\u00a0\u00bbhttps:\/\/www.cnantibes.com\/wp-content\/uploads\/2023\/03\/devenir-officiel-cna.jpg\u00a0\u00bb background_position=\u00a0\u00bbtop_center\u00a0\u00bb min_height=\u00a0\u00bb600px\u00a0\u00bb height=\u00a0\u00bb600px\u00a0\u00bb max_height=\u00a0\u00bb600px\u00a0\u00bb global_colors_info=\u00a0\u00bb{}\u00a0\u00bb][\/et_pb_section][et_pb_section fb_built=\u00a0\u00bb1&Prime; _builder_version=\u00a0\u00bb4.20.1&Prime; _module_preset=\u00a0\u00bbdefault\u00a0\u00bb min_height=\u00a0\u00bb371.9px\u00a0\u00bb custom_margin=\u00a0\u00bb||||false|false\u00a0\u00bb custom_padding=\u00a0\u00bb||||false|false\u00a0\u00bb global_colors_info=\u00a0\u00bb{}\u00a0\u00bb][et_pb_row _builder_version=\u00a0\u00bb4.20.1&Prime; _module_preset=\u00a0\u00bbdefault\u00a0\u00bb global_colors_info=\u00a0\u00bb{}\u00a0\u00bb][et_pb_column type=\u00a0\u00bb4_4&Prime; _builder_version=\u00a0\u00bb4.20.1&Prime; _module_preset=\u00a0\u00bbdefault\u00a0\u00bb global_colors_info=\u00a0\u00bb{}\u00a0\u00bb][et_pb_text _builder_version=\u00a0\u00bb4.20.1&Prime; _module_preset=\u00a0\u00bbdefault\u00a0\u00bb header_text_align=\u00a0\u00bbcenter\u00a0\u00bb header_text_color=\u00a0\u00bb#CA9E67&Prime; header_font_size=\u00a0\u00bb34px\u00a0\u00bb header_2_font=\u00a0\u00bb|600|||||||\u00a0\u00bb header_2_text_align=\u00a0\u00bbcenter\u00a0\u00bb header_2_text_color=\u00a0\u00bb#29235C\u00a0\u00bb global_colors_info=\u00a0\u00bb{}\u00a0\u00bb]<h1>Comment devenir officiel du Cercle des Nageurs d&rsquo;Antibes<\/h1>\n<h2>Continuons l&rsquo;histoire ensemble!<\/h2>\n<p>&nbsp;<\/p>[\/et_pb_text][et_pb_text _builder_version=\u00a0\u00bb4.20.1&Prime; _module_preset=\u00a0\u00bbdefault\u00a0\u00bb text_font_size=\u00a0\u00bb18px\u00a0\u00bb header_text_align=\u00a0\u00bbcenter\u00a0\u00bb header_3_font=\u00a0\u00bb|600|||||||\u00a0\u00bb header_3_text_align=\u00a0\u00bbcenter\u00a0\u00bb header_3_text_color=\u00a0\u00bb#29235C\u00a0\u00bb global_colors_info=\u00a0\u00bb{}\u00a0\u00bb]<h3><span class=\"m-font-size-19 font-size-24\" style=\"font-weight: normal; display: unset;\">Pour assurer le bon d\u00e9roulement d\u2019une comp\u00e9tition et permettre aux participants de nager dans les meilleures conditions, les officiels sont indispensables. Les juges et arbitres en natation ont des responsabilit\u00e9s importantes<\/span>.<\/h3>[\/et_pb_text][\/et_pb_column][\/et_pb_row][\/et_pb_section][et_pb_section fb_built=\u00a0\u00bb1&Prime; module_class=\u00a0\u00bbdc_inverser_colonnes-section\u00a0\u00bb _builder_version=\u00a0\u00bb4.20.1&Prime; _module_preset=\u00a0\u00bbdefault\u00a0\u00bb custom_padding=\u00a0\u00bb0px||0px||false|false\u00a0\u00bb global_colors_info=\u00a0\u00bb{}\u00a0\u00bb][et_pb_row column_structure=\u00a0\u00bb1_2,1_2&Prime; module_class=\u00a0\u00bbdc_inverser_colonnes-ligne\u00a0\u00bb _builder_version=\u00a0\u00bb4.20.1&Prime; _module_preset=\u00a0\u00bbdefault\u00a0\u00bb module_alignment=\u00a0\u00bbcenter\u00a0\u00bb custom_margin=\u00a0\u00bb||||false|false\u00a0\u00bb custom_padding=\u00a0\u00bb||||false|false\u00a0\u00bb global_colors_info=\u00a0\u00bb{}\u00a0\u00bb][et_pb_column type=\u00a0\u00bb1_2&Prime; _builder_version=\u00a0\u00bb4.20.1&Prime; _module_preset=\u00a0\u00bbdefault\u00a0\u00bb custom_padding=\u00a0\u00bb||||false|false\u00a0\u00bb global_colors_info=\u00a0\u00bb{}\u00a0\u00bb][et_pb_text _builder_version=\u00a0\u00bb4.20.1&Prime; _module_preset=\u00a0\u00bbdefault\u00a0\u00bb text_font_size=\u00a0\u00bb22px\u00a0\u00bb header_2_text_color=\u00a0\u00bb#CA9E67&Prime; header_2_font_size=\u00a0\u00bb24px\u00a0\u00bb global_colors_info=\u00a0\u00bb{}\u00a0\u00bb]<h2 style=\"text-align: left;\">Les diff\u00e9rents niveaux d\u2019officiels natation sont:<\/h2>[\/et_pb_text][et_pb_text _builder_version=\u00a0\u00bb4.20.1&Prime; _module_preset=\u00a0\u00bbdefault\u00a0\u00bb text_font_size=\u00a0\u00bb18px\u00a0\u00bb header_3_text_color=\u00a0\u00bb#0062A7&Prime; global_colors_info=\u00a0\u00bb{}\u00a0\u00bb]<h3>Chronom\u00e9treurs<\/h3>\n<p>Premier niveau d\u2019officiel, le Chronom\u00e9treur a la responsabilit\u00e9 de prendre les temps des nageurs. Un course formation pratique permet d\u2019apprendre \u00e0 manipuler le chronom\u00e8tre.<\/p>\n<h3>Juges<\/h3>\n<p>Les officiels Juges sont responsables de juger le respect des r\u00e8gles de natation FFN et FINA, pour les virages et la nage. Une formation th\u00e9orique et pratique est n\u00e9cessaire et propos\u00e9e une ou plusieurs fois par an.<\/p>\n<h3>Starter<\/h3>\n<p>En plus d\u2019\u00eatre Juge, le starter donne les ordres de d\u00e9part \u00e0 chaque nouvelle s\u00e9rie.<\/p>\n<h3>Juge Arbitre<\/h3>\n<p>Le Juge Arbitre a la responsabilit\u00e9 de la comp\u00e9tition compl\u00e8te et d\u2019organiser le jury. Ce poste requiert une formation suppl\u00e9mentaire et de l\u2019exp\u00e9rience.<\/p>[\/et_pb_text][et_pb_text _builder_version=\u00a0\u00bb4.20.1&Prime; _module_preset=\u00a0\u00bbdefault\u00a0\u00bb text_font_size=\u00a0\u00bb22px\u00a0\u00bb header_text_color=\u00a0\u00bb#CA9E67&Prime; header_2_text_color=\u00a0\u00bb#CA9E67&Prime; header_2_font_size=\u00a0\u00bb24px\u00a0\u00bb global_colors_info=\u00a0\u00bb{}\u00a0\u00bb]<h2 style=\"text-align: left;\">Proc\u00e9dure d\u2019inscription<\/h2>[\/et_pb_text][et_pb_text _builder_version=\u00a0\u00bb4.20.2&Prime; _module_preset=\u00a0\u00bbdefault\u00a0\u00bb text_font_size=\u00a0\u00bb18px\u00a0\u00bb header_3_text_color=\u00a0\u00bb#0062A7&Prime; hover_enabled=\u00a0\u00bb0&Prime; global_colors_info=\u00a0\u00bb{}\u00a0\u00bb sticky_enabled=\u00a0\u00bb0&Prime;]<p>L\u2019inscription est n\u00e9cessaire pour toute demande de nouvel officiel.<\/p>\n<p>Prendre contact avec St\u00e9phane PEREZ : <a href=\"mailto:stephane.perez@cnantibes.com\">stephane.perez@cnantibes.com<\/a>. Chaque demande doit \u00eatre effectu\u00e9e par l\u2019interm\u00e9diaire du responsable des officiels, qui envoie les documents au comit\u00e9. Cette proc\u00e9dure doit \u00eatre respect\u00e9e imp\u00e9rativement.<\/p>[\/et_pb_text][\/et_pb_column][et_pb_column type=\u00a0\u00bb1_2&Prime; _builder_version=\u00a0\u00bb4.20.1&Prime; _module_preset=\u00a0\u00bbdefault\u00a0\u00bb global_colors_info=\u00a0\u00bb{}\u00a0\u00bb][et_pb_image src=\u00a0\u00bbhttps:\/\/www.cnantibes.com\/wp-content\/uploads\/2023\/03\/Offiel-CNA.jpg\u00a0\u00bb title_text=\u00a0\u00bbOffiel-CNA\u00a0\u00bb _builder_version=\u00a0\u00bb4.20.1&Prime; _module_preset=\u00a0\u00bbdefault\u00a0\u00bb global_colors_info=\u00a0\u00bb{}\u00a0\u00bb][\/et_pb_image][\/et_pb_column][\/et_pb_row][\/et_pb_section]\n","protected":false},"excerpt":{"rendered":"<p>Comment devenir officiel du Cercle des Nageurs d&rsquo;Antibes Continuons l&rsquo;histoire ensemble! &nbsp;Pour assurer le bon d\u00e9roulement d\u2019une comp\u00e9tition et permettre aux participants de nager dans les meilleures conditions, les officiels sont indispensables. Les juges et arbitres en natation ont des responsabilit\u00e9s importantes.Les diff\u00e9rents niveaux d\u2019officiels natation sont:Chronom\u00e9treurs Premier niveau d\u2019officiel, le Chronom\u00e9treur a la responsabilit\u00e9 [&hellip;]<\/p>\n","protected":false},"author":1,"featured_media":0,"parent":0,"menu_order":0,"comment_status":"closed","ping_status":"closed","template":"","meta":{"_et_pb_use_builder":"on","_et_pb_old_content":"","_et_gb_content_width":"","footnotes":""},"class_list":["post-99","page","type-page","status-publish","hentry"],"yoast_head":"<!-- This site is optimized with the Yoast SEO plugin v27.4 - https:\/\/yoast.com\/product\/yoast-seo-wordpress\/ -->\n<title>OFFICIELS - Cercle des Nageurs d&#039;Antibes<\/title>\n<meta name=\"robots\" content=\"index, follow, max-snippet:-1, max-image-preview:large, max-video-preview:-1\" \/>\n<link rel=\"canonical\" href=\"https:\/\/www.cnantibes.com\/index.php\/devenir-officiel\/\" \/>\n<meta property=\"og:locale\" content=\"fr_FR\" \/>\n<meta property=\"og:type\" content=\"article\" \/>\n<meta property=\"og:title\" content=\"OFFICIELS - Cercle des Nageurs d&#039;Antibes\" \/>\n<meta property=\"og:description\" content=\"Comment devenir officiel du Cercle des Nageurs d&#039;Antibes Continuons l&#039;histoire ensemble! &nbsp;Pour assurer le bon d\u00e9roulement d\u2019une comp\u00e9tition et permettre aux participants de nager dans les meilleures conditions, les officiels sont indispensables. Les juges et arbitres en natation ont des responsabilit\u00e9s importantes.Les diff\u00e9rents niveaux d\u2019officiels natation sont:Chronom\u00e9treurs Premier niveau d\u2019officiel, le Chronom\u00e9treur a la responsabilit\u00e9 [&hellip;]\" \/>\n<meta property=\"og:url\" content=\"https:\/\/www.cnantibes.com\/index.php\/devenir-officiel\/\" \/>\n<meta property=\"og:site_name\" content=\"Cercle des Nageurs d&#039;Antibes\" \/>\n<meta property=\"article:modified_time\" content=\"2025-03-19T15:29:53+00:00\" \/>\n<meta name=\"twitter:card\" content=\"summary_large_image\" \/>\n<meta name=\"twitter:label1\" content=\"Dur\u00e9e de lecture estim\u00e9e\" \/>\n\t<meta name=\"twitter:data1\" content=\"2 minutes\" \/>\n<script type=\"application\/ld+json\" class=\"yoast-schema-graph\">{\"@context\":\"https:\\\/\\\/schema.org\",\"@graph\":[{\"@type\":\"WebPage\",\"@id\":\"https:\\\/\\\/www.cnantibes.com\\\/index.php\\\/devenir-officiel\\\/\",\"url\":\"https:\\\/\\\/www.cnantibes.com\\\/index.php\\\/devenir-officiel\\\/\",\"name\":\"OFFICIELS - Cercle des Nageurs d&#039;Antibes\",\"isPartOf\":{\"@id\":\"https:\\\/\\\/www.cnantibes.com\\\/#website\"},\"datePublished\":\"2023-02-02T14:38:01+00:00\",\"dateModified\":\"2025-03-19T15:29:53+00:00\",\"breadcrumb\":{\"@id\":\"https:\\\/\\\/www.cnantibes.com\\\/index.php\\\/devenir-officiel\\\/#breadcrumb\"},\"inLanguage\":\"fr-FR\",\"potentialAction\":[{\"@type\":\"ReadAction\",\"target\":[\"https:\\\/\\\/www.cnantibes.com\\\/index.php\\\/devenir-officiel\\\/\"]}]},{\"@type\":\"BreadcrumbList\",\"@id\":\"https:\\\/\\\/www.cnantibes.com\\\/index.php\\\/devenir-officiel\\\/#breadcrumb\",\"itemListElement\":[{\"@type\":\"ListItem\",\"position\":1,\"name\":\"Accueil\",\"item\":\"https:\\\/\\\/www.cnantibes.com\\\/\"},{\"@type\":\"ListItem\",\"position\":2,\"name\":\"OFFICIELS\"}]},{\"@type\":\"WebSite\",\"@id\":\"https:\\\/\\\/www.cnantibes.com\\\/#website\",\"url\":\"https:\\\/\\\/www.cnantibes.com\\\/\",\"name\":\"Cercle des Nageurs d&#039;Antibes\",\"description\":\"Cercle des Nageurs d&#039;Antibes\",\"potentialAction\":[{\"@type\":\"SearchAction\",\"target\":{\"@type\":\"EntryPoint\",\"urlTemplate\":\"https:\\\/\\\/www.cnantibes.com\\\/?s={search_term_string}\"},\"query-input\":{\"@type\":\"PropertyValueSpecification\",\"valueRequired\":true,\"valueName\":\"search_term_string\"}}],\"inLanguage\":\"fr-FR\"}]}<\/script>\n<!-- \/ Yoast SEO plugin. -->","yoast_head_json":{"title":"OFFICIELS - Cercle des Nageurs d&#039;Antibes","robots":{"index":"index","follow":"follow","max-snippet":"max-snippet:-1","max-image-preview":"max-image-preview:large","max-video-preview":"max-video-preview:-1"},"canonical":"https:\/\/www.cnantibes.com\/index.php\/devenir-officiel\/","og_locale":"fr_FR","og_type":"article","og_title":"OFFICIELS - Cercle des Nageurs d&#039;Antibes","og_description":"Comment devenir officiel du Cercle des Nageurs d'Antibes Continuons l'histoire ensemble! &nbsp;Pour assurer le bon d\u00e9roulement d\u2019une comp\u00e9tition et permettre aux participants de nager dans les meilleures conditions, les officiels sont indispensables. Les juges et arbitres en natation ont des responsabilit\u00e9s importantes.Les diff\u00e9rents niveaux d\u2019officiels natation sont:Chronom\u00e9treurs Premier niveau d\u2019officiel, le Chronom\u00e9treur a la responsabilit\u00e9 [&hellip;]","og_url":"https:\/\/www.cnantibes.com\/index.php\/devenir-officiel\/","og_site_name":"Cercle des Nageurs d&#039;Antibes","article_modified_time":"2025-03-19T15:29:53+00:00","twitter_card":"summary_large_image","twitter_misc":{"Dur\u00e9e de lecture estim\u00e9e":"2 minutes"},"schema":{"@context":"https:\/\/schema.org","@graph":[{"@type":"WebPage","@id":"https:\/\/www.cnantibes.com\/index.php\/devenir-officiel\/","url":"https:\/\/www.cnantibes.com\/index.php\/devenir-officiel\/","name":"OFFICIELS - Cercle des Nageurs d&#039;Antibes","isPartOf":{"@id":"https:\/\/www.cnantibes.com\/#website"},"datePublished":"2023-02-02T14:38:01+00:00","dateModified":"2025-03-19T15:29:53+00:00","breadcrumb":{"@id":"https:\/\/www.cnantibes.com\/index.php\/devenir-officiel\/#breadcrumb"},"inLanguage":"fr-FR","potentialAction":[{"@type":"ReadAction","target":["https:\/\/www.cnantibes.com\/index.php\/devenir-officiel\/"]}]},{"@type":"BreadcrumbList","@id":"https:\/\/www.cnantibes.com\/index.php\/devenir-officiel\/#breadcrumb","itemListElement":[{"@type":"ListItem","position":1,"name":"Accueil","item":"https:\/\/www.cnantibes.com\/"},{"@type":"ListItem","position":2,"name":"OFFICIELS"}]},{"@type":"WebSite","@id":"https:\/\/www.cnantibes.com\/#website","url":"https:\/\/www.cnantibes.com\/","name":"Cercle des Nageurs d&#039;Antibes","description":"Cercle des Nageurs d&#039;Antibes","potentialAction":[{"@type":"SearchAction","target":{"@type":"EntryPoint","urlTemplate":"https:\/\/www.cnantibes.com\/?s={search_term_string}"},"query-input":{"@type":"PropertyValueSpecification","valueRequired":true,"valueName":"search_term_string"}}],"inLanguage":"fr-FR"}]}},"jetpack_sharing_enabled":true,"_links":{"self":[{"href":"https:\/\/www.cnantibes.com\/index.php\/wp-json\/wp\/v2\/pages\/99","targetHints":{"allow":["GET"]}}],"collection":[{"href":"https:\/\/www.cnantibes.com\/index.php\/wp-json\/wp\/v2\/pages"}],"about":[{"href":"https:\/\/www.cnantibes.com\/index.php\/wp-json\/wp\/v2\/types\/page"}],"author":[{"embeddable":true,"href":"https:\/\/www.cnantibes.com\/index.php\/wp-json\/wp\/v2\/users\/1"}],"replies":[{"embeddable":true,"href":"https:\/\/www.cnantibes.com\/index.php\/wp-json\/wp\/v2\/comments?post=99"}],"version-history":[{"count":2,"href":"https:\/\/www.cnantibes.com\/index.php\/wp-json\/wp\/v2\/pages\/99\/revisions"}],"predecessor-version":[{"id":1867,"href":"https:\/\/www.cnantibes.com\/index.php\/wp-json\/wp\/v2\/pages\/99\/revisions\/1867"}],"wp:attachment":[{"href":"https:\/\/www.cnantibes.com\/index.php\/wp-json\/wp\/v2\/media?parent=99"}],"curies":[{"name":"wp","href":"https:\/\/api.w.org\/{rel}","templated":true}]}}