{"id":12,"date":"2022-12-12T09:00:52","date_gmt":"2022-12-12T08:00:52","guid":{"rendered":"https:\/\/www.cnantibes.com\/?page_id=12"},"modified":"2025-07-18T14:17:49","modified_gmt":"2025-07-18T12:17:49","slug":"contact","status":"publish","type":"page","link":"https:\/\/www.cnantibes.com\/index.php\/contact\/","title":{"rendered":"Contact"},"content":{"rendered":"<p>[et_pb_section fb_built=\u00a0\u00bb1&Prime; fullwidth=\u00a0\u00bbon\u00a0\u00bb _builder_version=\u00a0\u00bb4.20.1&Prime; _module_preset=\u00a0\u00bbdefault\u00a0\u00bb background_image=\u00a0\u00bbhttps:\/\/www.cnantibes.com\/wp-content\/uploads\/2023\/03\/contactez-le-CNA.jpg\u00a0\u00bb parallax=\u00a0\u00bbon\u00a0\u00bb min_height=\u00a0\u00bb600px\u00a0\u00bb height=\u00a0\u00bb600px\u00a0\u00bb max_height=\u00a0\u00bb600px\u00a0\u00bb global_colors_info=\u00a0\u00bb{}\u00a0\u00bb][\/et_pb_section][et_pb_section fb_built=\u00a0\u00bb1&Prime; _builder_version=\u00a0\u00bb4.20.2&Prime; _module_preset=\u00a0\u00bbdefault\u00a0\u00bb custom_margin=\u00a0\u00bb||||false|false\u00a0\u00bb custom_padding=\u00a0\u00bb10px||10px||false|false\u00a0\u00bb global_colors_info=\u00a0\u00bb{}\u00a0\u00bb][et_pb_row _builder_version=\u00a0\u00bb4.20.1&Prime; _module_preset=\u00a0\u00bbdefault\u00a0\u00bb global_colors_info=\u00a0\u00bb{}\u00a0\u00bb][et_pb_column type=\u00a0\u00bb4_4&Prime; _builder_version=\u00a0\u00bb4.20.1&Prime; _module_preset=\u00a0\u00bbdefault\u00a0\u00bb global_colors_info=\u00a0\u00bb{}\u00a0\u00bb][et_pb_text _builder_version=\u00a0\u00bb4.20.2&Prime; _module_preset=\u00a0\u00bbdefault\u00a0\u00bb header_text_align=\u00a0\u00bbcenter\u00a0\u00bb header_text_color=\u00a0\u00bb#CA9E67&Prime; header_font_size=\u00a0\u00bb34px\u00a0\u00bb header_2_font=\u00a0\u00bb|600|||||||\u00a0\u00bb header_2_text_align=\u00a0\u00bbcenter\u00a0\u00bb header_2_text_color=\u00a0\u00bb#29235C\u00a0\u00bb global_colors_info=\u00a0\u00bb{}\u00a0\u00bb]<\/p>\n<h1>Prendre contact<\/h1>\n<h2>avec le Cercle des Nageurs d&rsquo;Antibes<\/h2>\n<p>&nbsp;<\/p>\n<p>[\/et_pb_text][et_pb_text _builder_version=\u00a0\u00bb4.20.2&Prime; _module_preset=\u00a0\u00bbdefault\u00a0\u00bb text_font_size=\u00a0\u00bb18px\u00a0\u00bb header_text_align=\u00a0\u00bbcenter\u00a0\u00bb header_3_font=\u00a0\u00bb|600|||||||\u00a0\u00bb header_3_text_align=\u00a0\u00bbcenter\u00a0\u00bb header_3_text_color=\u00a0\u00bb#29235C\u00a0\u00bb global_colors_info=\u00a0\u00bb{}\u00a0\u00bb]<\/p>\n<h3><span class=\"m-font-size-19 font-size-24\" style=\"font-weight: normal; display: unset;\">De l\u2019apprentissage de la natation \u00e0 l\u2019\u00e9lite internationale, le cercle des Nageurs d\u2019Antibes couvre tous les champs du sport.<br \/>Le club v\u00e9hicule des valeurs \u00e9ducatives et joue pleinement son r\u00f4le de coh\u00e9sion sociale<br \/>avec + de 12 000 enfants qui y ont appris \u00e0 nager. <\/span><\/h3>\n<p>[\/et_pb_text][\/et_pb_column][\/et_pb_row][\/et_pb_section][et_pb_section fb_built=\u00a0\u00bb1&Prime; _builder_version=\u00a0\u00bb4.23.1&Prime; _module_preset=\u00a0\u00bbdefault\u00a0\u00bb custom_padding=\u00a0\u00bb10px||10px||false|false\u00a0\u00bb global_colors_info=\u00a0\u00bb{}\u00a0\u00bb][et_pb_row column_structure=\u00a0\u00bb1_2,1_2&Prime; _builder_version=\u00a0\u00bb4.20.2&Prime; _module_preset=\u00a0\u00bbdefault\u00a0\u00bb global_colors_info=\u00a0\u00bb{}\u00a0\u00bb][et_pb_column type=\u00a0\u00bb1_2&Prime; _builder_version=\u00a0\u00bb4.20.2&Prime; _module_preset=\u00a0\u00bbdefault\u00a0\u00bb global_colors_info=\u00a0\u00bb{}\u00a0\u00bb][et_pb_text _builder_version=\u00a0\u00bb4.20.2&Prime; _module_preset=\u00a0\u00bbdefault\u00a0\u00bb text_font_size=\u00a0\u00bb18px\u00a0\u00bb header_2_text_align=\u00a0\u00bbcenter\u00a0\u00bb header_2_text_color=\u00a0\u00bb#CA9E67&Prime; header_3_text_color=\u00a0\u00bb#CA9E67&Prime; header_3_font_size=\u00a0\u00bb26px\u00a0\u00bb text_orientation=\u00a0\u00bbcenter\u00a0\u00bb global_colors_info=\u00a0\u00bb{}\u00a0\u00bb]<\/p>\n<h3>Le Cercle des Nageurs d&rsquo;Antibes<br \/>est ravi de vous accueillir<\/h3>\n<p>[\/et_pb_text][et_pb_text _builder_version=\u00a0\u00bb4.20.2&Prime; _module_preset=\u00a0\u00bbdefault\u00a0\u00bb header_2_text_align=\u00a0\u00bbcenter\u00a0\u00bb header_2_text_color=\u00a0\u00bb#CA9E67&Prime; header_3_text_color=\u00a0\u00bb#CA9E67&Prime; header_3_font_size=\u00a0\u00bb26px\u00a0\u00bb global_colors_info=\u00a0\u00bb{}\u00a0\u00bb custom_padding=\u00a0\u00bb6px|||||\u00a0\u00bb]<\/p>\n<h3 style=\"text-align: center;\">Ouverture du Secretariat<\/h3>\n<p>[\/et_pb_text][et_pb_text _builder_version=\u00a0\u00bb4.23.1&Prime; _module_preset=\u00a0\u00bbdefault\u00a0\u00bb text_text_color=\u00a0\u00bb#FFFFFF\u00a0\u00bb text_font_size=\u00a0\u00bb18px\u00a0\u00bb ol_text_align=\u00a0\u00bbcenter\u00a0\u00bb min_height=\u00a0\u00bb27.8px\u00a0\u00bb custom_margin=\u00a0\u00bb||||false|false\u00a0\u00bb custom_padding=\u00a0\u00bb||0px|31.6%|false|false\u00a0\u00bb global_colors_info=\u00a0\u00bb{}\u00a0\u00bb]<\/p>\n<p><span style=\"color: #000080;\"><strong>Lundi<\/strong> 8h45 &#8211; 12h45<\/span><\/p>\n<p><span style=\"color: #000080;\"><strong>Mardi<\/strong> 8h45 &#8211; 12h45<\/span><\/p>\n<p><span style=\"color: #000080;\"><strong>Mercerdi <\/strong>14h00 &#8211; 18h00<\/span><\/p>\n<p><span style=\"color: #000080;\"><strong>Jeudi <\/strong>14h00 &#8211; 18h00<\/span><\/p>\n<p><span style=\"color: #000080;\"><strong>Vendredi\u00a0<\/strong> 14h00 &#8211; 18h00<\/span>E<span style=\"color: #000080;\"><\/span><\/p>\n<p><span style=\"color: #000080;\"><\/span><\/p>\n<p>&nbsp;<\/p>\n<p>[\/et_pb_text][et_pb_text _builder_version=\u00a0\u00bb4.20.2&Prime; _module_preset=\u00a0\u00bbdefault\u00a0\u00bb header_2_text_align=\u00a0\u00bbcenter\u00a0\u00bb header_2_text_color=\u00a0\u00bb#CA9E67&Prime; header_3_text_color=\u00a0\u00bb#CA9E67&Prime; header_3_font_size=\u00a0\u00bb26px\u00a0\u00bb global_colors_info=\u00a0\u00bb{}\u00a0\u00bb custom_padding=\u00a0\u00bb6px|||||\u00a0\u00bb]<\/p>\n<h3 style=\"text-align: center;\">SECRETARIAT FERM\u00e9<\/h3>\n<h3 style=\"text-align: center;\">DU 28 JUILLET AU 31 AOUT 2025<\/h3>\n<p>[\/et_pb_text][et_pb_button button_url=\u00a0\u00bbtel:+33493748529&Prime; button_text=\u00a0\u00bbcna@cnantibes.com\u00a0\u00bb button_alignment=\u00a0\u00bbcenter\u00a0\u00bb _builder_version=\u00a0\u00bb4.21.0&Prime; _module_preset=\u00a0\u00bbdefault\u00a0\u00bb custom_button=\u00a0\u00bbon\u00a0\u00bb button_text_color=\u00a0\u00bb#FFFFFF\u00a0\u00bb button_bg_color=\u00a0\u00bb#29235C\u00a0\u00bb button_icon=\u00a0\u00bb&#xf2b6;||fa||900&Prime; button_icon_placement=\u00a0\u00bbleft\u00a0\u00bb button_on_hover=\u00a0\u00bboff\u00a0\u00bb global_colors_info=\u00a0\u00bb{}\u00a0\u00bb][\/et_pb_button][et_pb_button button_url=\u00a0\u00bbtel:+33493748529&Prime; button_text=\u00a0\u00bb04 93 74 85 29&Prime; button_alignment=\u00a0\u00bbcenter\u00a0\u00bb _builder_version=\u00a0\u00bb4.23.1&Prime; _module_preset=\u00a0\u00bbdefault\u00a0\u00bb custom_button=\u00a0\u00bbon\u00a0\u00bb button_text_color=\u00a0\u00bb#FFFFFF\u00a0\u00bb button_bg_color=\u00a0\u00bb#29235C\u00a0\u00bb button_icon=\u00a0\u00bb&#xf879;||fa||900&Prime; button_icon_placement=\u00a0\u00bbleft\u00a0\u00bb button_on_hover=\u00a0\u00bboff\u00a0\u00bb global_colors_info=\u00a0\u00bb{}\u00a0\u00bb][\/et_pb_button][et_pb_text _builder_version=\u00a0\u00bb4.23.1&Prime; _module_preset=\u00a0\u00bbdefault\u00a0\u00bb text_font_size=\u00a0\u00bb18px\u00a0\u00bb text_orientation=\u00a0\u00bbcenter\u00a0\u00bb custom_padding=\u00a0\u00bb2px||0px|||\u00a0\u00bb global_colors_info=\u00a0\u00bb{}\u00a0\u00bb]<\/p>\n<p>&nbsp;<\/p>\n<p><span>Stade Nautique Jean Bunoz<\/span><\/p>\n<p><span>210 avenue Jules Grec, 06600 Antibes<\/span><\/p>\n<p>[\/et_pb_text][\/et_pb_column][et_pb_column type=\u00a0\u00bb1_2&Prime; _builder_version=\u00a0\u00bb4.20.2&Prime; _module_preset=\u00a0\u00bbdefault\u00a0\u00bb global_colors_info=\u00a0\u00bb{}\u00a0\u00bb][et_pb_text _builder_version=\u00a0\u00bb4.20.2&Prime; _module_preset=\u00a0\u00bbdefault\u00a0\u00bb text_font_size=\u00a0\u00bb18px\u00a0\u00bb header_2_text_align=\u00a0\u00bbcenter\u00a0\u00bb header_2_text_color=\u00a0\u00bb#CA9E67&Prime; header_3_text_color=\u00a0\u00bb#CA9E67&Prime; header_3_font_size=\u00a0\u00bb26px\u00a0\u00bb text_orientation=\u00a0\u00bbcenter\u00a0\u00bb global_colors_info=\u00a0\u00bb{}\u00a0\u00bb]<\/p>\n<h3>Nous sommes l\u00e0 <br \/>pour vous r\u00e9pondre!<\/h3>\n<p>[\/et_pb_text][dsm_contact_form_7 cf7_library=\u00a0\u00bb414&Prime; button_alignment=\u00a0\u00bbcenter\u00a0\u00bb input_background_color=\u00a0\u00bbrgba(202,158,103,0.15)\u00a0\u00bb _builder_version=\u00a0\u00bb4.20.2&Prime; _module_preset=\u00a0\u00bbdefault\u00a0\u00bb labels_text_align=\u00a0\u00bbcenter\u00a0\u00bb labels_font_size=\u00a0\u00bb18px\u00a0\u00bb input_textarea_select_font=\u00a0\u00bb||||||||\u00a0\u00bb global_colors_info=\u00a0\u00bb{}\u00a0\u00bb][\/dsm_contact_form_7][\/et_pb_column][\/et_pb_row][\/et_pb_section]<\/p>\n","protected":false},"excerpt":{"rendered":"<p>Prendre contact avec le Cercle des Nageurs d&rsquo;Antibes &nbsp;De l\u2019apprentissage de la natation \u00e0 l\u2019\u00e9lite internationale, le cercle des Nageurs d\u2019Antibes couvre tous les champs du sport.Le club v\u00e9hicule des valeurs \u00e9ducatives et joue pleinement son r\u00f4le de coh\u00e9sion socialeavec + de 12 000 enfants qui y ont appris \u00e0 nager. Le Cercle des Nageurs [&hellip;]<\/p>\n","protected":false},"author":1,"featured_media":0,"parent":0,"menu_order":0,"comment_status":"closed","ping_status":"closed","template":"","meta":{"_et_pb_use_builder":"on","_et_pb_old_content":"","_et_gb_content_width":"","footnotes":""},"class_list":["post-12","page","type-page","status-publish","hentry"],"yoast_head":"<!-- This site is optimized with the Yoast SEO plugin v27.4 - https:\/\/yoast.com\/product\/yoast-seo-wordpress\/ -->\n<title>Contact - Cercle des Nageurs d&#039;Antibes<\/title>\n<meta name=\"robots\" content=\"index, follow, max-snippet:-1, max-image-preview:large, max-video-preview:-1\" \/>\n<link rel=\"canonical\" href=\"https:\/\/www.cnantibes.com\/index.php\/contact\/\" \/>\n<meta property=\"og:locale\" content=\"fr_FR\" \/>\n<meta property=\"og:type\" content=\"article\" \/>\n<meta property=\"og:title\" content=\"Contact - Cercle des Nageurs d&#039;Antibes\" \/>\n<meta property=\"og:description\" content=\"Prendre contact avec le Cercle des Nageurs d&#039;Antibes &nbsp;De l\u2019apprentissage de la natation \u00e0 l\u2019\u00e9lite internationale, le cercle des Nageurs d\u2019Antibes couvre tous les champs du sport.Le club v\u00e9hicule des valeurs \u00e9ducatives et joue pleinement son r\u00f4le de coh\u00e9sion socialeavec + de 12 000 enfants qui y ont appris \u00e0 nager. Le Cercle des Nageurs [&hellip;]\" \/>\n<meta property=\"og:url\" content=\"https:\/\/www.cnantibes.com\/index.php\/contact\/\" \/>\n<meta property=\"og:site_name\" content=\"Cercle des Nageurs d&#039;Antibes\" \/>\n<meta property=\"article:modified_time\" content=\"2025-07-18T12:17:49+00:00\" \/>\n<meta name=\"twitter:card\" content=\"summary_large_image\" \/>\n<meta name=\"twitter:label1\" content=\"Dur\u00e9e de lecture estim\u00e9e\" \/>\n\t<meta name=\"twitter:data1\" content=\"3 minutes\" \/>\n<script type=\"application\/ld+json\" class=\"yoast-schema-graph\">{\"@context\":\"https:\\\/\\\/schema.org\",\"@graph\":[{\"@type\":\"WebPage\",\"@id\":\"https:\\\/\\\/www.cnantibes.com\\\/index.php\\\/contact\\\/\",\"url\":\"https:\\\/\\\/www.cnantibes.com\\\/index.php\\\/contact\\\/\",\"name\":\"Contact - Cercle des Nageurs d&#039;Antibes\",\"isPartOf\":{\"@id\":\"https:\\\/\\\/www.cnantibes.com\\\/#website\"},\"datePublished\":\"2022-12-12T08:00:52+00:00\",\"dateModified\":\"2025-07-18T12:17:49+00:00\",\"breadcrumb\":{\"@id\":\"https:\\\/\\\/www.cnantibes.com\\\/index.php\\\/contact\\\/#breadcrumb\"},\"inLanguage\":\"fr-FR\",\"potentialAction\":[{\"@type\":\"ReadAction\",\"target\":[\"https:\\\/\\\/www.cnantibes.com\\\/index.php\\\/contact\\\/\"]}]},{\"@type\":\"BreadcrumbList\",\"@id\":\"https:\\\/\\\/www.cnantibes.com\\\/index.php\\\/contact\\\/#breadcrumb\",\"itemListElement\":[{\"@type\":\"ListItem\",\"position\":1,\"name\":\"Accueil\",\"item\":\"https:\\\/\\\/www.cnantibes.com\\\/\"},{\"@type\":\"ListItem\",\"position\":2,\"name\":\"Contact\"}]},{\"@type\":\"WebSite\",\"@id\":\"https:\\\/\\\/www.cnantibes.com\\\/#website\",\"url\":\"https:\\\/\\\/www.cnantibes.com\\\/\",\"name\":\"Cercle des Nageurs d&#039;Antibes\",\"description\":\"Cercle des Nageurs d&#039;Antibes\",\"potentialAction\":[{\"@type\":\"SearchAction\",\"target\":{\"@type\":\"EntryPoint\",\"urlTemplate\":\"https:\\\/\\\/www.cnantibes.com\\\/?s={search_term_string}\"},\"query-input\":{\"@type\":\"PropertyValueSpecification\",\"valueRequired\":true,\"valueName\":\"search_term_string\"}}],\"inLanguage\":\"fr-FR\"}]}<\/script>\n<!-- \/ Yoast SEO plugin. -->","yoast_head_json":{"title":"Contact - Cercle des Nageurs d&#039;Antibes","robots":{"index":"index","follow":"follow","max-snippet":"max-snippet:-1","max-image-preview":"max-image-preview:large","max-video-preview":"max-video-preview:-1"},"canonical":"https:\/\/www.cnantibes.com\/index.php\/contact\/","og_locale":"fr_FR","og_type":"article","og_title":"Contact - Cercle des Nageurs d&#039;Antibes","og_description":"Prendre contact avec le Cercle des Nageurs d'Antibes &nbsp;De l\u2019apprentissage de la natation \u00e0 l\u2019\u00e9lite internationale, le cercle des Nageurs d\u2019Antibes couvre tous les champs du sport.Le club v\u00e9hicule des valeurs \u00e9ducatives et joue pleinement son r\u00f4le de coh\u00e9sion socialeavec + de 12 000 enfants qui y ont appris \u00e0 nager. Le Cercle des Nageurs [&hellip;]","og_url":"https:\/\/www.cnantibes.com\/index.php\/contact\/","og_site_name":"Cercle des Nageurs d&#039;Antibes","article_modified_time":"2025-07-18T12:17:49+00:00","twitter_card":"summary_large_image","twitter_misc":{"Dur\u00e9e de lecture estim\u00e9e":"3 minutes"},"schema":{"@context":"https:\/\/schema.org","@graph":[{"@type":"WebPage","@id":"https:\/\/www.cnantibes.com\/index.php\/contact\/","url":"https:\/\/www.cnantibes.com\/index.php\/contact\/","name":"Contact - Cercle des Nageurs d&#039;Antibes","isPartOf":{"@id":"https:\/\/www.cnantibes.com\/#website"},"datePublished":"2022-12-12T08:00:52+00:00","dateModified":"2025-07-18T12:17:49+00:00","breadcrumb":{"@id":"https:\/\/www.cnantibes.com\/index.php\/contact\/#breadcrumb"},"inLanguage":"fr-FR","potentialAction":[{"@type":"ReadAction","target":["https:\/\/www.cnantibes.com\/index.php\/contact\/"]}]},{"@type":"BreadcrumbList","@id":"https:\/\/www.cnantibes.com\/index.php\/contact\/#breadcrumb","itemListElement":[{"@type":"ListItem","position":1,"name":"Accueil","item":"https:\/\/www.cnantibes.com\/"},{"@type":"ListItem","position":2,"name":"Contact"}]},{"@type":"WebSite","@id":"https:\/\/www.cnantibes.com\/#website","url":"https:\/\/www.cnantibes.com\/","name":"Cercle des Nageurs d&#039;Antibes","description":"Cercle des Nageurs d&#039;Antibes","potentialAction":[{"@type":"SearchAction","target":{"@type":"EntryPoint","urlTemplate":"https:\/\/www.cnantibes.com\/?s={search_term_string}"},"query-input":{"@type":"PropertyValueSpecification","valueRequired":true,"valueName":"search_term_string"}}],"inLanguage":"fr-FR"}]}},"jetpack_sharing_enabled":true,"_links":{"self":[{"href":"https:\/\/www.cnantibes.com\/index.php\/wp-json\/wp\/v2\/pages\/12","targetHints":{"allow":["GET"]}}],"collection":[{"href":"https:\/\/www.cnantibes.com\/index.php\/wp-json\/wp\/v2\/pages"}],"about":[{"href":"https:\/\/www.cnantibes.com\/index.php\/wp-json\/wp\/v2\/types\/page"}],"author":[{"embeddable":true,"href":"https:\/\/www.cnantibes.com\/index.php\/wp-json\/wp\/v2\/users\/1"}],"replies":[{"embeddable":true,"href":"https:\/\/www.cnantibes.com\/index.php\/wp-json\/wp\/v2\/comments?post=12"}],"version-history":[{"count":11,"href":"https:\/\/www.cnantibes.com\/index.php\/wp-json\/wp\/v2\/pages\/12\/revisions"}],"predecessor-version":[{"id":2077,"href":"https:\/\/www.cnantibes.com\/index.php\/wp-json\/wp\/v2\/pages\/12\/revisions\/2077"}],"wp:attachment":[{"href":"https:\/\/www.cnantibes.com\/index.php\/wp-json\/wp\/v2\/media?parent=12"}],"curies":[{"name":"wp","href":"https:\/\/api.w.org\/{rel}","templated":true}]}}